{"id":560,"date":"2025-12-18T16:43:31","date_gmt":"2025-12-18T15:43:31","guid":{"rendered":"https:\/\/www.leigneux.fr\/?page_id=560"},"modified":"2026-04-09T13:16:59","modified_gmt":"2026-04-09T11:16:59","slug":"photos","status":"publish","type":"page","link":"https:\/\/www.leigneux.fr\/index.php\/photos\/","title":{"rendered":"Photos"},"content":{"rendered":"<div id=\"pl-560\"  class=\"panel-layout\" ><div id=\"pg-560-0\"  class=\"panel-grid panel-no-style\" ><div id=\"pgc-560-0-0\"  class=\"panel-grid-cell\" ><div id=\"panel-560-0-0-0\" class=\"so-panel widget widget_media_image panel-first-child panel-last-child\" data-index=\"0\" ><h3 class=\"widget-title\">09 avril 2026<\/h3><img loading=\"lazy\" decoding=\"async\" width=\"300\" height=\"200\" src=\"https:\/\/www.leigneux.fr\/wp-content\/uploads\/2026\/04\/2026-04-09--300x200.jpg\" class=\"image wp-image-637  attachment-medium size-medium\" alt=\"\" style=\"max-width: 100%; height: auto;\" srcset=\"https:\/\/www.leigneux.fr\/wp-content\/uploads\/2026\/04\/2026-04-09--300x200.jpg 300w, https:\/\/www.leigneux.fr\/wp-content\/uploads\/2026\/04\/2026-04-09--1024x682.jpg 1024w, https:\/\/www.leigneux.fr\/wp-content\/uploads\/2026\/04\/2026-04-09--768x512.jpg 768w, https:\/\/www.leigneux.fr\/wp-content\/uploads\/2026\/04\/2026-04-09--272x182.jpg 272w, https:\/\/www.leigneux.fr\/wp-content\/uploads\/2026\/04\/2026-04-09-.jpg 1442w\" sizes=\"auto, 100vw\" \/><\/div><\/div><\/div><div id=\"pg-560-1\"  class=\"panel-grid panel-no-style\" ><div id=\"pgc-560-1-0\"  class=\"panel-grid-cell\" ><div id=\"panel-560-1-0-0\" class=\"so-panel widget widget_media_image panel-first-child panel-last-child\" data-index=\"1\" ><h3 class=\"widget-title\">26 f\u00e9vrier 2026<\/h3><img loading=\"lazy\" decoding=\"async\" width=\"225\" height=\"300\" src=\"https:\/\/www.leigneux.fr\/wp-content\/uploads\/2026\/02\/IMG_9029-225x300.jpeg\" class=\"image wp-image-591  attachment-medium size-medium\" alt=\"\" style=\"max-width: 100%; height: auto;\" srcset=\"https:\/\/www.leigneux.fr\/wp-content\/uploads\/2026\/02\/IMG_9029-225x300.jpeg 225w, https:\/\/www.leigneux.fr\/wp-content\/uploads\/2026\/02\/IMG_9029-768x1024.jpeg 768w, https:\/\/www.leigneux.fr\/wp-content\/uploads\/2026\/02\/IMG_9029-1152x1536.jpeg 1152w, https:\/\/www.leigneux.fr\/wp-content\/uploads\/2026\/02\/IMG_9029-1536x2048.jpeg 1536w, https:\/\/www.leigneux.fr\/wp-content\/uploads\/2026\/02\/IMG_9029-scaled.jpeg 1920w\" sizes=\"auto, 100vw\" \/><\/div><\/div><div id=\"pgc-560-1-1\"  class=\"panel-grid-cell\" ><div id=\"panel-560-1-1-0\" class=\"so-panel widget widget_media_image panel-first-child panel-last-child\" data-index=\"2\" ><h3 class=\"widget-title\">26 f\u00e9vrier 2026<\/h3><img loading=\"lazy\" decoding=\"async\" width=\"225\" height=\"300\" src=\"https:\/\/www.leigneux.fr\/wp-content\/uploads\/2026\/02\/IMG_9030-225x300.jpeg\" class=\"image wp-image-592  attachment-medium size-medium\" alt=\"\" style=\"max-width: 100%; height: auto;\" srcset=\"https:\/\/www.leigneux.fr\/wp-content\/uploads\/2026\/02\/IMG_9030-225x300.jpeg 225w, https:\/\/www.leigneux.fr\/wp-content\/uploads\/2026\/02\/IMG_9030-768x1024.jpeg 768w, https:\/\/www.leigneux.fr\/wp-content\/uploads\/2026\/02\/IMG_9030-1152x1536.jpeg 1152w, https:\/\/www.leigneux.fr\/wp-content\/uploads\/2026\/02\/IMG_9030-1536x2048.jpeg 1536w, https:\/\/www.leigneux.fr\/wp-content\/uploads\/2026\/02\/IMG_9030-scaled.jpeg 1920w\" sizes=\"auto, 100vw\" \/><\/div><\/div><div id=\"pgc-560-1-2\"  class=\"panel-grid-cell\" ><div id=\"panel-560-1-2-0\" class=\"so-panel widget widget_media_image panel-first-child panel-last-child\" data-index=\"3\" ><h3 class=\"widget-title\">26 f\u00e9vrier 2026<\/h3><img loading=\"lazy\" decoding=\"async\" width=\"225\" height=\"300\" src=\"https:\/\/www.leigneux.fr\/wp-content\/uploads\/2026\/02\/IMG_9028-225x300.jpeg\" class=\"image wp-image-590  attachment-medium size-medium\" alt=\"\" style=\"max-width: 100%; height: auto;\" srcset=\"https:\/\/www.leigneux.fr\/wp-content\/uploads\/2026\/02\/IMG_9028-225x300.jpeg 225w, https:\/\/www.leigneux.fr\/wp-content\/uploads\/2026\/02\/IMG_9028-768x1024.jpeg 768w, https:\/\/www.leigneux.fr\/wp-content\/uploads\/2026\/02\/IMG_9028-1152x1536.jpeg 1152w, https:\/\/www.leigneux.fr\/wp-content\/uploads\/2026\/02\/IMG_9028-1536x2048.jpeg 1536w, https:\/\/www.leigneux.fr\/wp-content\/uploads\/2026\/02\/IMG_9028-scaled.jpeg 1920w\" sizes=\"auto, 100vw\" \/><\/div><\/div><\/div><div id=\"pg-560-2\"  class=\"panel-grid panel-no-style\" ><div id=\"pgc-560-2-0\"  class=\"panel-grid-cell\" ><div id=\"panel-560-2-0-0\" class=\"so-panel widget widget_media_image panel-first-child panel-last-child\" data-index=\"4\" ><img loading=\"lazy\" decoding=\"async\" width=\"525\" height=\"927\" src=\"https:\/\/www.leigneux.fr\/wp-content\/uploads\/2025\/12\/heurtoir-Rue-du-Treu2016GJ-580x1024.jpg\" class=\"image wp-image-565  attachment-large size-large\" alt=\"\" style=\"max-width: 100%; height: auto;\" srcset=\"https:\/\/www.leigneux.fr\/wp-content\/uploads\/2025\/12\/heurtoir-Rue-du-Treu2016GJ-580x1024.jpg 580w, https:\/\/www.leigneux.fr\/wp-content\/uploads\/2025\/12\/heurtoir-Rue-du-Treu2016GJ-170x300.jpg 170w, https:\/\/www.leigneux.fr\/wp-content\/uploads\/2025\/12\/heurtoir-Rue-du-Treu2016GJ-768x1355.jpg 768w, https:\/\/www.leigneux.fr\/wp-content\/uploads\/2025\/12\/heurtoir-Rue-du-Treu2016GJ-870x1536.jpg 870w, https:\/\/www.leigneux.fr\/wp-content\/uploads\/2025\/12\/heurtoir-Rue-du-Treu2016GJ-rotated.jpg 1088w\" sizes=\"auto, 100vw\" \/><\/div><\/div><div id=\"pgc-560-2-1\"  class=\"panel-grid-cell\" ><div id=\"panel-560-2-1-0\" class=\"so-panel widget widget_media_image panel-first-child panel-last-child\" data-index=\"5\" ><img loading=\"lazy\" decoding=\"async\" width=\"300\" height=\"223\" src=\"https:\/\/www.leigneux.fr\/wp-content\/uploads\/2025\/12\/Pensionnat2-A20-300x223.jpg\" class=\"image wp-image-566  attachment-medium size-medium\" alt=\"\" style=\"max-width: 100%; height: auto;\" srcset=\"https:\/\/www.leigneux.fr\/wp-content\/uploads\/2025\/12\/Pensionnat2-A20-300x223.jpg 300w, https:\/\/www.leigneux.fr\/wp-content\/uploads\/2025\/12\/Pensionnat2-A20-768x570.jpg 768w, https:\/\/www.leigneux.fr\/wp-content\/uploads\/2025\/12\/Pensionnat2-A20.jpg 866w\" sizes=\"auto, 100vw\" \/><\/div><\/div><div id=\"pgc-560-2-2\"  class=\"panel-grid-cell\" ><div id=\"panel-560-2-2-0\" class=\"so-panel widget widget_media_image panel-first-child panel-last-child\" data-index=\"6\" ><img loading=\"lazy\" decoding=\"async\" width=\"225\" height=\"300\" src=\"https:\/\/www.leigneux.fr\/wp-content\/uploads\/2025\/11\/202603-225x300.jpeg\" class=\"image wp-image-629  attachment-medium size-medium\" alt=\"\" style=\"max-width: 100%; height: auto;\" srcset=\"https:\/\/www.leigneux.fr\/wp-content\/uploads\/2025\/11\/202603-225x300.jpeg 225w, https:\/\/www.leigneux.fr\/wp-content\/uploads\/2025\/11\/202603-768x1024.jpeg 768w, https:\/\/www.leigneux.fr\/wp-content\/uploads\/2025\/11\/202603-1152x1536.jpeg 1152w, https:\/\/www.leigneux.fr\/wp-content\/uploads\/2025\/11\/202603-1536x2048.jpeg 1536w, https:\/\/www.leigneux.fr\/wp-content\/uploads\/2025\/11\/202603-scaled.jpeg 1920w\" sizes=\"auto, 100vw\" \/><\/div><\/div><\/div><div id=\"pg-560-3\"  class=\"panel-grid panel-no-style\" ><div id=\"pgc-560-3-0\"  class=\"panel-grid-cell\" ><div id=\"panel-560-3-0-0\" class=\"so-panel widget widget_media_image panel-first-child panel-last-child\" data-index=\"7\" ><img loading=\"lazy\" decoding=\"async\" width=\"525\" height=\"394\" src=\"https:\/\/www.leigneux.fr\/wp-content\/uploads\/2025\/12\/Leigneux-fleurs-Georges-JOUVE-2025-1024x768.jpg\" class=\"image wp-image-562  attachment-large size-large\" alt=\"\" style=\"max-width: 100%; height: auto;\" srcset=\"https:\/\/www.leigneux.fr\/wp-content\/uploads\/2025\/12\/Leigneux-fleurs-Georges-JOUVE-2025-1024x768.jpg 1024w, https:\/\/www.leigneux.fr\/wp-content\/uploads\/2025\/12\/Leigneux-fleurs-Georges-JOUVE-2025-300x225.jpg 300w, https:\/\/www.leigneux.fr\/wp-content\/uploads\/2025\/12\/Leigneux-fleurs-Georges-JOUVE-2025-768x576.jpg 768w, https:\/\/www.leigneux.fr\/wp-content\/uploads\/2025\/12\/Leigneux-fleurs-Georges-JOUVE-2025-1536x1152.jpg 1536w, https:\/\/www.leigneux.fr\/wp-content\/uploads\/2025\/12\/Leigneux-fleurs-Georges-JOUVE-2025.jpg 1600w\" sizes=\"auto, 100vw\" \/><\/div><\/div><div id=\"pgc-560-3-1\"  class=\"panel-grid-cell\" ><div id=\"panel-560-3-1-0\" class=\"so-panel widget widget_media_image panel-first-child panel-last-child\" data-index=\"8\" ><img loading=\"lazy\" decoding=\"async\" width=\"525\" height=\"787\" src=\"https:\/\/www.leigneux.fr\/wp-content\/uploads\/2025\/12\/202510-24-683x1024.png\" class=\"image wp-image-561  attachment-large size-large\" alt=\"\" style=\"max-width: 100%; height: auto;\" srcset=\"https:\/\/www.leigneux.fr\/wp-content\/uploads\/2025\/12\/202510-24-683x1024.png 683w, https:\/\/www.leigneux.fr\/wp-content\/uploads\/2025\/12\/202510-24-200x300.png 200w, https:\/\/www.leigneux.fr\/wp-content\/uploads\/2025\/12\/202510-24-768x1152.png 768w, https:\/\/www.leigneux.fr\/wp-content\/uploads\/2025\/12\/202510-24.png 1024w\" sizes=\"auto, 100vw\" \/><\/div><\/div><div id=\"pgc-560-3-2\"  class=\"panel-grid-cell\" ><div id=\"panel-560-3-2-0\" class=\"so-panel widget widget_media_image panel-first-child panel-last-child\" data-index=\"9\" ><img loading=\"lazy\" decoding=\"async\" width=\"525\" height=\"350\" src=\"https:\/\/www.leigneux.fr\/wp-content\/uploads\/2025\/12\/LEIGNEUX_chapitre-vu-du-ciel-tire-site-mairie-1024x683.jpg\" class=\"image wp-image-564  attachment-large size-large\" alt=\"\" style=\"max-width: 100%; height: auto;\" srcset=\"https:\/\/www.leigneux.fr\/wp-content\/uploads\/2025\/12\/LEIGNEUX_chapitre-vu-du-ciel-tire-site-mairie-1024x683.jpg 1024w, https:\/\/www.leigneux.fr\/wp-content\/uploads\/2025\/12\/LEIGNEUX_chapitre-vu-du-ciel-tire-site-mairie-300x200.jpg 300w, https:\/\/www.leigneux.fr\/wp-content\/uploads\/2025\/12\/LEIGNEUX_chapitre-vu-du-ciel-tire-site-mairie-768x512.jpg 768w, https:\/\/www.leigneux.fr\/wp-content\/uploads\/2025\/12\/LEIGNEUX_chapitre-vu-du-ciel-tire-site-mairie-1536x1024.jpg 1536w, https:\/\/www.leigneux.fr\/wp-content\/uploads\/2025\/12\/LEIGNEUX_chapitre-vu-du-ciel-tire-site-mairie-2048x1365.jpg 2048w, https:\/\/www.leigneux.fr\/wp-content\/uploads\/2025\/12\/LEIGNEUX_chapitre-vu-du-ciel-tire-site-mairie-272x182.jpg 272w\" sizes=\"auto, 100vw\" \/><\/div><\/div><div id=\"pgc-560-3-3\"  class=\"panel-grid-cell\" ><div id=\"panel-560-3-3-0\" class=\"so-panel widget widget_media_image panel-first-child panel-last-child\" data-index=\"10\" ><img loading=\"lazy\" decoding=\"async\" width=\"525\" height=\"394\" src=\"https:\/\/www.leigneux.fr\/wp-content\/uploads\/2025\/12\/Leigneux-mars-2022-\u00a9Georges-JOUVE-7-1024x768.jpg\" class=\"image wp-image-563  attachment-large size-large\" alt=\"\" style=\"max-width: 100%; height: auto;\" srcset=\"https:\/\/www.leigneux.fr\/wp-content\/uploads\/2025\/12\/Leigneux-mars-2022-\u00a9Georges-JOUVE-7-1024x768.jpg 1024w, https:\/\/www.leigneux.fr\/wp-content\/uploads\/2025\/12\/Leigneux-mars-2022-\u00a9Georges-JOUVE-7-300x225.jpg 300w, https:\/\/www.leigneux.fr\/wp-content\/uploads\/2025\/12\/Leigneux-mars-2022-\u00a9Georges-JOUVE-7-768x576.jpg 768w, https:\/\/www.leigneux.fr\/wp-content\/uploads\/2025\/12\/Leigneux-mars-2022-\u00a9Georges-JOUVE-7-1536x1152.jpg 1536w, https:\/\/www.leigneux.fr\/wp-content\/uploads\/2025\/12\/Leigneux-mars-2022-\u00a9Georges-JOUVE-7-2048x1536.jpg 2048w\" sizes=\"auto, 100vw\" \/><\/div><\/div><\/div><\/div>","protected":false},"excerpt":{"rendered":"<p>09 avril 202626 f\u00e9vrier 202626 f\u00e9vrier 202626 f\u00e9vrier 2026<\/p>\n","protected":false},"author":1,"featured_media":0,"parent":0,"menu_order":0,"comment_status":"closed","ping_status":"closed","template":"","meta":{"_acf_changed":false,"footnotes":""},"class_list":["post-560","page","type-page","status-publish","hentry"],"acf":[],"_links":{"self":[{"href":"https:\/\/www.leigneux.fr\/index.php\/wp-json\/wp\/v2\/pages\/560","targetHints":{"allow":["GET"]}}],"collection":[{"href":"https:\/\/www.leigneux.fr\/index.php\/wp-json\/wp\/v2\/pages"}],"about":[{"href":"https:\/\/www.leigneux.fr\/index.php\/wp-json\/wp\/v2\/types\/page"}],"author":[{"embeddable":true,"href":"https:\/\/www.leigneux.fr\/index.php\/wp-json\/wp\/v2\/users\/1"}],"replies":[{"embeddable":true,"href":"https:\/\/www.leigneux.fr\/index.php\/wp-json\/wp\/v2\/comments?post=560"}],"version-history":[{"count":11,"href":"https:\/\/www.leigneux.fr\/index.php\/wp-json\/wp\/v2\/pages\/560\/revisions"}],"predecessor-version":[{"id":642,"href":"https:\/\/www.leigneux.fr\/index.php\/wp-json\/wp\/v2\/pages\/560\/revisions\/642"}],"wp:attachment":[{"href":"https:\/\/www.leigneux.fr\/index.php\/wp-json\/wp\/v2\/media?parent=560"}],"curies":[{"name":"wp","href":"https:\/\/api.w.org\/{rel}","templated":true}]}}